{"id":260,"date":"2016-03-02T17:35:00","date_gmt":"2016-03-02T16:35:00","guid":{"rendered":"http:\/\/urbemar.es\/en\/aviso-cookies\/"},"modified":"2019-02-25T15:57:50","modified_gmt":"2019-02-25T14:57:50","slug":"notice-cookies","status":"publish","type":"page","link":"https:\/\/urbemar.es\/en\/notice-cookies\/","title":{"rendered":"Notice cookies"},"content":{"rendered":"[vc_row type=&#8221;in_container&#8221; full_screen_row_position=&#8221;middle&#8221; scene_position=&#8221;center&#8221; text_color=&#8221;dark&#8221; text_align=&#8221;left&#8221; overlay_strength=&#8221;0.3&#8243; shape_divider_position=&#8221;bottom&#8221;][vc_column column_padding=&#8221;no-extra-padding&#8221; column_padding_position=&#8221;all&#8221; background_color_opacity=&#8221;1&#8243; background_hover_color_opacity=&#8221;1&#8243; column_link_target=&#8221;_self&#8221; column_shadow=&#8221;none&#8221; column_border_radius=&#8221;none&#8221; el_class=&#8221;cookieta&#8221; width=&#8221;1\/1&#8243; tablet_width_inherit=&#8221;default&#8221; tablet_text_alignment=&#8221;default&#8221; phone_text_alignment=&#8221;default&#8221; column_border_width=&#8221;none&#8221; column_border_style=&#8221;solid&#8221;][vc_column_text]<strong>\u00bfQU\u00c9 SON LAS COOKIES?<\/strong><\/p>\n<p>CUMBRES DEL GOLF S.L. es responsable de la p\u00e1gina web www.urbemar.es, y utiliza cookies y\/u otros archivos de funcionalidad similar (en adelante \u201cCookies\u201d).<\/p>\n<p>Las Cookies son peque\u00f1os archivos de datos que se env\u00edan al ordenador del usuario, tel\u00e9fono m\u00f3vil u otro dispositivo de acceso cuando visita una p\u00e1gina web y que permiten obtener informaci\u00f3n relativa a su navegaci\u00f3n o un c\u00f3digo que permite identificar un\u00edvocamente al usuario.<\/p>\n<ol start=\"2\">\n<li><strong>TIPOLOG\u00cdA DE COOKIES Y FINALIDADES DE USO<\/strong><\/li>\n<\/ol>\n<p>La p\u00e1gina web www.urbemar.es utiliza Cookies de sesi\u00f3n y\/o Cookies persistentes que, a su vez, pueden ser Cookies propias y\/o de terceros.<br \/>\nLas Cookies de sesi\u00f3n son cookies dise\u00f1adas para recabar y almacenar datos mientras el usuario accede a una p\u00e1gina web. Se suelen emplear para almacenar informaci\u00f3n que solo interesa conservar para la prestaci\u00f3n del servicio solicitado por el usuario en una sola ocasi\u00f3n.<\/p>\n<p>Las Cookies persistentes son un tipo de cookies en el que los datos siguen almacenados en el terminal y a los que se puede acceder y tratar durante un periodo definido por el responsable de la cookie, y que puede ir de unos minutos a varios a\u00f1os.<\/p>\n<p>Cookies propias: Las creadas o gestionadas por el responsable de la p\u00e1gina web CUMBRES DEL GOLF S.L. La p\u00e1gina web www.urbemar.es, utiliza Cookies propias con las siguientes finalidades:<\/p>\n<ul>\n<li><strong>T\u00e9cnicas<\/strong>: permiten al usuario la navegaci\u00f3n la utilizaci\u00f3n de las diferentes opciones o servicios que en ella existan como, por ejemplo, controlar el tr\u00e1fico y la comunicaci\u00f3n de datos, identificar la sesi\u00f3n, acceder a partes de acceso restringido, utilizar elementos de seguridad durante la navegaci\u00f3n, almacenar contenidos.<\/li>\n<li><strong>Personalizaci\u00f3n<\/strong>: permiten al usuario acceder al servicio con algunas caracter\u00edsticas de car\u00e1cter general predefinidas en funci\u00f3n de una serie de criterios en el terminal del usuario como, por ejemplo, recordar preferencias de reproducci\u00f3n de v\u00eddeos.<\/li>\n<\/ul>\n<p>Cookies de terceros:\u00a0Las administradas por prestadores de servicios ajenos a CUMBRES DEL GOLF S.L. A continuaci\u00f3n, se detallan tanto los terceros que pueden configurar y acceder a Cookies de su equipo, como las finalidades con las que se utiliza la informaci\u00f3n<\/p>\n<p>&nbsp;<\/p>\n<table>\n<tbody>\n<tr>\n<td width=\"215\"><strong>Nombre<\/strong><\/td>\n<td colspan=\"2\" width=\"85\"><strong>Origen<\/strong><\/td>\n<td colspan=\"2\" width=\"85\"><strong>Caducidad<\/strong><\/td>\n<td width=\"473\"><strong>Finalidad<\/strong><\/td>\n<td width=\"90\"><strong>Propia o Terceros<\/strong><\/td>\n<\/tr>\n<tr>\n<td width=\"215\"><\/td>\n<td colspan=\"2\" width=\"85\"><\/td>\n<td colspan=\"2\" width=\"85\"><\/td>\n<td width=\"473\"><\/td>\n<td width=\"90\"><\/td>\n<\/tr>\n<tr>\n<td width=\"215\">cookie_notice_accepted<\/td>\n<td colspan=\"2\" width=\"85\">urbemar.es<\/td>\n<td colspan=\"2\" width=\"85\">48h<\/td>\n<td width=\"473\">Aceptaci\u00f3n del aviso de cookies.<\/td>\n<td width=\"90\">Propia<\/td>\n<\/tr>\n<tr>\n<td width=\"215\">wordpress_test_cookie<\/td>\n<td colspan=\"2\" width=\"85\">urbemar.es<\/td>\n<td colspan=\"2\" width=\"85\">Sesion<\/td>\n<td width=\"473\">Controla la aceptaci\u00f3n de la pol\u00edtica de Cookies por el usuario.<\/td>\n<td width=\"90\">Propia<\/td>\n<\/tr>\n<tr>\n<td width=\"215\">_icl_current_language<\/td>\n<td colspan=\"2\" width=\"85\">urbemar.es<\/td>\n<td colspan=\"2\" width=\"85\">24h<\/td>\n<td width=\"473\">Sirve para determinar si el visitante ya ha elegido sus preferencias de idioma y de esta manera mostrar los contenidos en su idioma preferido.<\/td>\n<td width=\"90\">Propia<\/td>\n<\/tr>\n<tr>\n<td width=\"215\">wpml_referer_url<\/td>\n<td colspan=\"2\" width=\"85\">urbemar.es<\/td>\n<td colspan=\"2\" width=\"85\">Sesi\u00f3n<\/td>\n<td width=\"473\">Sirve para determinar si el visitante ya ha elegido sus preferencias de idioma y de esta manera mostrar los contenidos en su idioma preferido.<\/td>\n<td width=\"90\">Propia<\/td>\n<\/tr>\n<tr>\n<td colspan=\"7\" width=\"948\">Para realizar las estad\u00edsticas de uso de esta Web utilizamos las cookies con la finalidad de conocer el nivel de recurrencia de nuestros visitantes y los contenidos que resultan m\u00e1s interesantes. De esta manera podemos concentrar nuestros esfuerzos en mejorar las \u00e1reas m\u00e1s visitadas y hacer que el usuario encuentre m\u00e1s f\u00e1cilmente lo que busca. En esta Web puede utilizarse la informaci\u00f3n de su visita para realizar evaluaciones y c\u00e1lculos estad\u00edsticos sobre datos an\u00f3nimos, as\u00ed como para garantizar la continuidad del servicio o para realizar mejoras en sus sitios Web. Para m\u00e1s detalles, consulte en el siguiente enlace la pol\u00edtica de privacidad\u00a0<a href=\"http:\/\/www.google.com\/intl\/es\/policies\/privacy\/\">http:\/\/www.google.com\/intl\/es\/policies\/privacy\/<\/a><\/td>\n<\/tr>\n<tr>\n<td width=\"215\">_ga<\/td>\n<td width=\"76\">Google Analytics<\/td>\n<td colspan=\"2\" width=\"85\">2 a\u00f1os<\/td>\n<td colspan=\"2\" width=\"482\">\u00a0Se usa para distinguir a los usuarios.<\/td>\n<td width=\"90\">Terceros<\/td>\n<\/tr>\n<tr>\n<td width=\"215\">_gat<\/td>\n<td width=\"76\">Google Analytics<\/td>\n<td colspan=\"2\" width=\"85\">1 minuto<\/td>\n<td colspan=\"2\" width=\"482\">Se usa para limitar el porcentaje de solicitudes.<\/td>\n<td width=\"90\"><\/td>\n<\/tr>\n<tr>\n<td width=\"215\">_gat_gtag_UA_(property-id)<\/td>\n<td width=\"76\">Google Analytics<\/td>\n<td colspan=\"2\" width=\"85\">1 minuto<\/td>\n<td colspan=\"2\" width=\"482\">Se usa para limitar el porcentaje de solicitudes.<\/td>\n<td width=\"90\">Terceros<\/td>\n<\/tr>\n<tr>\n<td width=\"215\">_gid<\/td>\n<td width=\"76\">Google Analytics<\/td>\n<td colspan=\"2\" width=\"85\">24 horas<\/td>\n<td colspan=\"2\" width=\"482\">Se usa para distinguir a los usuarios.<\/td>\n<td width=\"90\">Terceros<\/td>\n<\/tr>\n<tr>\n<td width=\"215\">NID<\/td>\n<td width=\"76\">Google.com<\/td>\n<td colspan=\"2\" width=\"85\">6 meses<\/td>\n<td colspan=\"2\" width=\"482\">La cookie NID contiene un ID \u00fanico que Google utiliza para recordar tus preferencias y otra informaci\u00f3n, como tu idioma preferido \u00a0y si quieres que el filtro SafeSearch de Google est\u00e9 activado o desactivado. Google utiliza cookies, como NID y SID, para personalizar los anuncios que se muestran en sus propiedades.<\/td>\n<td width=\"90\">Terceros<\/td>\n<\/tr>\n<\/tbody>\n<\/table>\n<p>\/\/\/\/\/\/\/\/\/\/\/\/\/\/\/\/\/\/<\/p>\n<table>\n<tbody>\n<tr>\n<td width=\"83\"><\/td>\n<td width=\"170\"><\/td>\n<td width=\"104\"><\/td>\n<td width=\"501\"><\/td>\n<td width=\"90\"><\/td>\n<\/tr>\n<tr>\n<td colspan=\"5\" width=\"948\">Cookie de publicidad de Google utilizada para fines de seguimiento de usuarios y orientaci\u00f3n de anuncios. Si no quieres que los anuncios que aparecen se coordinen en tus dispositivos, puedes inhabilitar la opci\u00f3n Personalizaci\u00f3n de anuncios a trav\u00e9s de la herramienta. \u00a0https:\/\/adssettings.google.com\/<\/td>\n<\/tr>\n<tr>\n<td width=\"83\">DSID<\/td>\n<td width=\"170\">.doubleclick.net<\/td>\n<td width=\"104\">1 hora<\/td>\n<td width=\"501\">Cookie de publicidad de Google<\/td>\n<td width=\"90\">Terceros<\/td>\n<\/tr>\n<tr>\n<td width=\"83\">IDE<\/td>\n<td width=\"170\">.doubleclick.net<\/td>\n<td width=\"104\">25 d\u00edas<\/td>\n<td width=\"501\">Cookie de publicidad de Google<\/td>\n<td width=\"90\">Terceros<\/td>\n<\/tr>\n<\/tbody>\n<\/table>\n<p><strong>\/\/\/\/\/\/\/<\/strong><\/p>\n<table>\n<tbody>\n<tr>\n<td width=\"206\"><strong>Nombre<\/strong><\/td>\n<td width=\"114\"><strong>Origen<\/strong><\/td>\n<td width=\"84\"><strong>Caducidad<\/strong><\/td>\n<td width=\"437\"><strong>Finalidad<\/strong><\/td>\n<td width=\"88\"><strong>Propia o Terceros<\/strong><\/td>\n<\/tr>\n<tr>\n<td width=\"206\">\u00a0fr<\/td>\n<td width=\"114\">\u00a0.facebook.com<\/td>\n<td width=\"84\">\u00a03 meses<\/td>\n<td width=\"437\">Estas cookies son de Facebook, sirven para mostrar el bot\u00f3n \u201cMe gusta\u201d y mostrar el n\u00famero de seguidores. Para m\u00e1s informaci\u00f3n acerca del uso de estas cookies puedes consultar la pol\u00edtica de cookies de Facebook <a href=\"https:\/\/www.facebook.com\/policies\/cookies\/\">aqu\u00ed<\/a>.<\/td>\n<td width=\"88\">\u00a0Terceros<\/td>\n<\/tr>\n<tr>\n<td width=\"206\">_ir<\/td>\n<td width=\"114\">api.pinterest.com<\/td>\n<td width=\"84\">Sesi\u00f3n<\/td>\n<td width=\"437\">Estas cookies son de Pinterest, sirven para mostrar el bot\u00f3n \u201cMe gusta\u201d<\/td>\n<td width=\"88\">Terceros<\/td>\n<\/tr>\n<\/tbody>\n<\/table>\n<p><strong>.<\/strong><strong>\u00a0DESACTIVACI\u00d3N O ELIMINACI\u00d3N DE LAS COOKIES<\/strong><\/p>\n<p>La mayor\u00eda de navegadores web permite gestionar, en cualquier momento, las preferencias del usuario sobre el uso de las Cookies. El usuario puede ajustar su navegador para que rechace Cookies o elimine determinadas Cookies seg\u00fan su criterio<\/p>\n<p>Para la configuraci\u00f3n de las Cookies el usuario puede acceder a:<\/p>\n<ul>\n<li><strong><u><a href=\"https:\/\/support.google.com\/chrome\/answer\/95647?co=GENIE.Platform=Desktop&amp;&amp;hl=es\">Google Chrome<\/a><\/u><\/strong><\/li>\n<li><strong><u><a href=\"https:\/\/support.mozilla.org\/es\/kb\/impedir-que-los-sitios-web-guarden-sus-preferencia\">Mozilla Firefox<\/a><\/u><\/strong><\/li>\n<li><strong><u><a href=\"https:\/\/support.microsoft.com\/es-es\/help\/17442\/windows-internet-explorer-delete-manage-cookies\">Internet Explorer<\/a><\/u><\/strong><\/li>\n<li><strong><u><a href=\"https:\/\/privacy.microsoft.com\/es-ES\/windows-10-microsoft-edge-and-privacy\">Microsoft Edge<\/a><\/u><\/strong><\/li>\n<li><strong><u><a href=\"https:\/\/support.apple.com\/es-es\/HT201265\">Safari<\/a><\/u><\/strong><\/li>\n<li><strong><u><a href=\"http:\/\/help.opera.com\/Linux\/10.60\/es-ES\/cookies.html\">Opera 19<\/a><\/u><\/strong><\/li>\n<\/ul>\n<p>El usuario puede revocar su consentimiento para el uso de Cookies en su navegador a trav\u00e9s de las indicaciones anteriores o a trav\u00e9s de la instalaci\u00f3n de un sistema de rechazo, (\u201copt-out\u201d) en su navegador web.<\/p>\n<p>En el caso de las Cookies de Google Analytics, el opt-out puede realizarse a trav\u00e9s del\u00a0<u><a href=\"https:\/\/tools.google.com\/dlpage\/gaoptout?hl=None\">siguiente enlace<\/a><\/u>.<\/p>\n<p>El usuario debe tener en cuenta que algunas caracter\u00edsticas de los contenidos de la P\u00e1gina Web\u00a0www.urbemar.es solo est\u00e1n disponibles si se permite la instalaci\u00f3n de Cookies en su navegador. Si decide no aceptar o bloquear determinadas Cookies (en funci\u00f3n de su finalidad), puede que esto afecte, total o parcialmente, al funcionamiento normal de la P\u00e1gina Web o que impida el acceso a algunos servicios de la misma.<\/p>\n<ol start=\"4\">\n<li><strong>ACTUALIZACIONES Y CAMBIOS EN LA POL\u00cdTICA DE COOKIES<\/strong><\/li>\n<\/ol>\n<p>CUMBRES DEL GOLF S.L. puede modificar esta Pol\u00edtica de Cookies en funci\u00f3n de nuevas exigencias legislativas, reglamentarias, o con la finalidad de adaptar dicha pol\u00edtica a las instrucciones dictadas por la Agencia Espa\u00f1ola de Protecci\u00f3n de Datos.<\/p>\n<p>Si desea m\u00e1s informaci\u00f3n sobre qu\u00e9 uso hacemos de las Cookies, puede enviarnos un e-mail a\u00a0info@urbemar.es[\/vc_column_text][\/vc_column][\/vc_row]\n","protected":false},"excerpt":{"rendered":"<p>[vc_row type=&#8221;in_container&#8221; full_screen_row_position=&#8221;middle&#8221; scene_position=&#8221;center&#8221; text_color=&#8221;dark&#8221; text_align=&#8221;left&#8221; overlay_strength=&#8221;0.3&#8243; shape_divider_position=&#8221;bottom&#8221;][vc_column column_padding=&#8221;no-extra-padding&#8221; column_padding_position=&#8221;all&#8221; background_color_opacity=&#8221;1&#8243; background_hover_color_opacity=&#8221;1&#8243; column_link_target=&#8221;_self&#8221; column_shadow=&#8221;none&#8221; column_border_radius=&#8221;none&#8221; el_class=&#8221;cookieta&#8221; width=&#8221;1\/1&#8243; tablet_width_inherit=&#8221;default&#8221; tablet_text_alignment=&#8221;default&#8221; phone_text_alignment=&#8221;default&#8221;&#8230;<\/p>\n","protected":false},"author":3,"featured_media":0,"parent":0,"menu_order":0,"comment_status":"closed","ping_status":"closed","template":"","meta":{"twitterCardType":"","cardImageID":0,"cardImage":"","cardTitle":"","cardDesc":"","cardImageAlt":"","cardPlayer":"","cardPlayerWidth":0,"cardPlayerHeight":0,"cardPlayerStream":"","cardPlayerCodec":"","footnotes":""},"_links":{"self":[{"href":"https:\/\/urbemar.es\/en\/wp-json\/wp\/v2\/pages\/260"}],"collection":[{"href":"https:\/\/urbemar.es\/en\/wp-json\/wp\/v2\/pages"}],"about":[{"href":"https:\/\/urbemar.es\/en\/wp-json\/wp\/v2\/types\/page"}],"author":[{"embeddable":true,"href":"https:\/\/urbemar.es\/en\/wp-json\/wp\/v2\/users\/3"}],"replies":[{"embeddable":true,"href":"https:\/\/urbemar.es\/en\/wp-json\/wp\/v2\/comments?post=260"}],"version-history":[{"count":8,"href":"https:\/\/urbemar.es\/en\/wp-json\/wp\/v2\/pages\/260\/revisions"}],"predecessor-version":[{"id":1052,"href":"https:\/\/urbemar.es\/en\/wp-json\/wp\/v2\/pages\/260\/revisions\/1052"}],"wp:attachment":[{"href":"https:\/\/urbemar.es\/en\/wp-json\/wp\/v2\/media?parent=260"}],"curies":[{"name":"wp","href":"https:\/\/api.w.org\/{rel}","templated":true}]}}