{"id":812,"date":"2018-06-28T13:25:19","date_gmt":"2018-06-28T11:25:19","guid":{"rendered":"http:\/\/urbemar.es\/politica-de-privacidad\/"},"modified":"2019-02-25T15:51:02","modified_gmt":"2019-02-25T14:51:02","slug":"privacy-policy","status":"publish","type":"page","link":"https:\/\/urbemar.es\/en\/privacy-policy\/","title":{"rendered":"Privacy Policy"},"content":{"rendered":"[vc_row type=&#8221;in_container&#8221; full_screen_row_position=&#8221;middle&#8221; scene_position=&#8221;center&#8221; text_color=&#8221;dark&#8221; text_align=&#8221;left&#8221; overlay_strength=&#8221;0.3&#8243; shape_divider_position=&#8221;bottom&#8221;][vc_column column_padding=&#8221;no-extra-padding&#8221; column_padding_position=&#8221;all&#8221; background_color_opacity=&#8221;1&#8243; background_hover_color_opacity=&#8221;1&#8243; column_link_target=&#8221;_self&#8221; column_shadow=&#8221;none&#8221; column_border_radius=&#8221;none&#8221; width=&#8221;1\/1&#8243; tablet_width_inherit=&#8221;default&#8221; tablet_text_alignment=&#8221;default&#8221; phone_text_alignment=&#8221;default&#8221; column_border_width=&#8221;none&#8221; column_border_style=&#8221;solid&#8221;][vc_column_text]<strong>Pol\u00edtica de Privacidad<\/strong><\/p>\n<p>Este texto legal le da detalles de c\u00f3mo recopilamos y procesamos sus datos personales a trav\u00e9s del uso de nuestro sitio web www.urbemar.es, incluyendo cualquier informaci\u00f3n que pueda proporcionarnos a trav\u00e9s del sitio cuando realiza la <u>contrataci\u00f3n de un servicio<\/u> o <u>compra un producto<\/u> (personalizar), se registra a nuestro bolet\u00edn informativo o proporciona sus datos de contacto a trav\u00e9s del formulario habilitado para tal fin.<\/p>\n<p>Al proporcionarnos los datos, le informamos que nuestros servicios solo se dirigen a mayores de edad, por lo que nos garantiza que tiene m\u00e1s de 18 a\u00f1os cuando nos remite el formulario<strong>. \u00a0<\/strong><\/p>\n<ol>\n<li><strong>Responsable del tratamiento.<\/strong><\/li>\n<\/ol>\n<p>Datos de contacto del responsable: CUMBRES DEL GOLF S.L., Avda. Manolete, 1, CC Centro Plaza, Of. 6, Marbella C.P.\u00a0 29660 y correo electr\u00f3nico info@urbemar.es<\/p>\n<p>Datos inscripci\u00f3n mercantil.<\/p>\n<p>Datos de contacto del DPO CUMBRES DEL GOLF S.A. con domicilio social en Avda. Manolete, n\u00fam. 1, Centro Plaza, Oficina 6, Marbella, M\u00e1laga, C.P. 29.660 e-mail: INFO@URBEMAR.ES, y C.I.F. A-29.139.557<\/p>\n<p><strong><u>\u00a0<\/u><\/strong>(NOMBRE EMPRESA), es el responsable de sus datos. (En adelante nosotros o nuestro).<\/p>\n<ol start=\"2\">\n<li><strong>\u00bfQu\u00e9 datos recopilamos? <\/strong><\/li>\n<\/ol>\n<p>El Reglamento General de Protecci\u00f3n de Datos, nos dice que <strong>dato personal<\/strong> es toda informaci\u00f3n sobre una persona f\u00edsica identificada o identificable, es decir toda la informaci\u00f3n capaz de identificar a una persona. Esto no incluir\u00eda los datos an\u00f3nimos, ni porcentuales.<\/p>\n<p>En nuestra Web podemos procesar ciertos tipos de datos personales, que podr\u00e1n incluir:<\/p>\n<ul>\n<li>Datos de identidad: nombre, apellido y nombre de usuario.<\/li>\n<li>Datos de contacto: email o direcci\u00f3n de facturaci\u00f3n.<\/li>\n<li>Datos t\u00e9cnicos: datos de inicio de sesi\u00f3n, direcciones de protocolo de Internet, tipo y versi\u00f3n de navegador, configuraci\u00f3n y ubicaci\u00f3n de la zona horaria, sistema operativo, tipos y versiones de plug-in de navegador, y cualquier otra tecnolog\u00eda en los dispositivos que usa para acceder a nuestra p\u00e1gina web.<\/li>\n<li>Datos de uso: informaci\u00f3n sobre como usa nuestra web, productos y servicios.<\/li>\n<li>Datos de marketing y comunicaciones: preferencias para recibir comunicaciones de marketing por nuestra parte y medio preferente de comunicaci\u00f3n.<\/li>\n<\/ul>\n<p>No recopilamos ning\u00fan dato relativo a categor\u00edas especiales de datos personales (aquellos que desvelen su origen \u00e9tnico o racial, las opiniones pol\u00edticas, las convicciones religiosas o filos\u00f3ficas, la afiliaci\u00f3n sindical e informaci\u00f3n sobre su salud, datos gen\u00e9ticos o biom\u00e9tricos).<\/p>\n<p>En caso de que se le solicite recopilar datos personales por ley o seg\u00fan los t\u00e9rminos de contrataci\u00f3n entre nosotros y te niegues a facilit\u00e1rnoslos, es posible que no podamos realizar dicho contrato o prestar el servicio, debiendo comunic\u00e1rnoslo con antelaci\u00f3n.<\/p>\n<ol start=\"3\">\n<li><strong>\u00bfC\u00f3mo recopilamos sus datos personales? <\/strong><\/li>\n<\/ol>\n<p>Los medios que usamos para recopilar datos personales son:<\/p>\n<ul>\n<li><strong>A trav\u00e9s del formulario de nuestra p\u00e1gina web, a trav\u00e9s de nuestros email de contacto, por tel\u00e9fono o correo postal, cuando:<\/strong>\n<ul>\n<li>Solicita informaci\u00f3n de nuestros productos o servicios<\/li>\n<li>Contrata la prestaci\u00f3n de nuestros servicios o productos<\/li>\n<li>Solicita presupuestos<\/li>\n<li>Se suscribe a alguno de nuestros servicios o publicaciones<\/li>\n<li>Env\u00eda sus comentarios<\/li>\n<\/ul>\n<\/li>\n<\/ul>\n<p><strong>\u00a0<\/strong>Para asegurar la calidad de nuestro portal, tenemos que reservamos el <strong>derecho de rechazar cualquier solicitud de registro<\/strong> o bien de suspender o cancelar un registro previamente aceptado si entendemos que no cumple estos requisitos o cualquier otra ley o norma. Si esto ocurre, intentaremos exponer los motivos de nuestra decisi\u00f3n, pero no nos podemos comprometer a hacerlo en todos los casos.<\/p>\n<ul>\n<li><strong>A trav\u00e9s de la tecnolog\u00eda o interacciones automatizadas<\/strong>: en nuestro sitio podemos recopilar autom\u00e1ticamente datos t\u00e9cnicos sobre su equipo, acciones de navegaci\u00f3n y patrones de uso. Estos datos son recopilados a trav\u00e9s de cookies o tecnolog\u00edas similares. Si quiere ampliar la informaci\u00f3n, puede consultar nuestra pol\u00edtica de cookies aqu\u00ed<\/li>\n<li><strong>A trav\u00e9s de terceros:<\/strong>\n<ul>\n<li><strong>Google: <\/strong>datos anal\u00edticos o datos de b\u00fasqueda. Fuera de la Uni\u00f3n Europea.<\/li>\n<li><strong>Redes Sociales: (Facebook, Instagram, Twitter, Linkedin\u2026) <\/strong>fuera de la Uni\u00f3n Europea.<\/li>\n<li><strong>Paypal o cualquier otro medio de pago: <\/strong>datos de contacto, financieros y de transacciones de proveedores de servicios t\u00e9cnicos, de pago y entrega.<\/li>\n<\/ul>\n<\/li>\n<\/ul>\n<ol start=\"4\">\n<li><strong>Finalidad y legitimidad para el uso de sus datos. <\/strong><\/li>\n<\/ol>\n<p>Los usos m\u00e1s comunes de sus datos personales son:<\/p>\n<ul>\n<li>Para la formalizaci\u00f3n de un contrato entre CUMBRES DEL GOLF S.L. y usted.<\/li>\n<li>Cuando preste su consentimiento en el tratamiento de sus datos<\/li>\n<li>Cuando los necesitemos para dar cumplimiento a una obligaci\u00f3n legal o regulatoria<\/li>\n<li>Cuando sea necesario para nuestro inter\u00e9s leg\u00edtimo o de un tercero.<\/li>\n<\/ul>\n<p>El Usuario podr\u00e1 revocar el consentimiento prestado en cualquier momento enviando un correo a info@urbemar.es o consultando el apartado de ejercicio de derechos m\u00e1s adelante.<\/p>\n<p>A continuaci\u00f3n adjuntamos una tabla en la que pueden consultar las formas en las que vamos a utilizar sus datos personales y la legitimidad para su uso, adem\u00e1s de saber qu\u00e9 tipo de datos personales vamos a tratar. Podemos procesar alg\u00fan dato personal por alg\u00fan motivo legal adicional, por lo que si necesita detalles al respecto puede enviar un correo electr\u00f3nico a info@urbemar.es<\/p>\n<p><strong>Finalidad \/\u00a0Tipo de datos \/\u00a0Legitimidad para su tratamiento<\/strong><\/p>\n<p>Para solicitar informaci\u00f3n a trav\u00e9s del formulario de contacto<\/p>\n<ul>\n<li>Nombre<\/li>\n<li>Apellidos<\/li>\n<li>Email<\/li>\n<\/ul>\n<p><em>Consentimiento del interesado<\/em><\/p>\n<p>Para gestionar nuestra relaci\u00f3n con usted y formalizar la contrataci\u00f3n<\/p>\n<ul>\n<li>Nombre<\/li>\n<li>Apellidos<\/li>\n<li>NIF\/ Pasap<\/li>\n<li>Email<\/li>\n<li>Domicilio<\/li>\n<li>Tel\u00e9fono<\/li>\n<li>Datos Seguridad<\/li>\n<li>Datos econ\u00f3micos<\/li>\n<li>Contactos Emergencia<\/li>\n<li>Empresa o Aut\u00f3nomo<\/li>\n<\/ul>\n<p><em>Formalizaci\u00f3n del contrato<\/em><\/p>\n<p>Para realizar comunicaciones comerciales, entreg\u00e1ndole contenido relevante y que le pueda resultar de inter\u00e9s<\/p>\n<ul>\n<li>Nombre<\/li>\n<li>Apellidos<\/li>\n<li>Email<\/li>\n<\/ul>\n<p><em>Consentimiento del interesado<\/em><\/p>\n<p>Para administrar y proteger nuestro negocio y nuestra p\u00e1gina web<\/p>\n<ul>\n<li>Datos t\u00e9cnicos<\/li>\n<li>Nombre<\/li>\n<li>Apellidos<\/li>\n<li>Email<\/li>\n<\/ul>\n<p><em>Inter\u00e9s leg\u00edtimo<\/em><\/p>\n<p><strong>\u00a0<\/strong><strong>Comunicaciones comerciales<\/strong>: solo recibir\u00e1 comunicaciones si<\/p>\n<ul>\n<li>Nos solicit\u00f3 informaci\u00f3n o realiz\u00f3 una contrataci\u00f3n con nosotros de un producto o servicio.<\/li>\n<li>Si nos proporcion\u00f3 sus datos, aceptando la casilla habilitada al respecto en nuestro formulario.<\/li>\n<li>Siempre y cuando no haya manifestado su voluntad de dejar de recibir dichas comunicaciones.<\/li>\n<\/ul>\n<p>Obtenemos su consentimiento expreso antes de mandarle cualquier comunicaci\u00f3n, pudiendo solicitar en cualquier momento que dejemos de mandarle comunicaciones en el email info@urbemar.es<\/p>\n<p>Cuando opte por dejar de recibir nuestras comunicaciones, sus datos personales seguir\u00e1n almacenados como resultado de la contrataci\u00f3n realizada por usted para ajustarnos a las exigencias legales.<\/p>\n<p><strong>Finalidad<\/strong>: s\u00f3lo utilizaremos sus datos para los fines para los que los recopilamos, a menos que consideremos razonablemente que debemos usarlo para otro motivo, notific\u00e1ndoselo previamente para que est\u00e9 informado del motivo legal de su procesamiento y siempre y cuando el fin sea compatible con el prop\u00f3sito original.<\/p>\n<p><strong>Plazo de conservaci\u00f3n<\/strong>: Se conservar\u00e1n durante el tiempo necesario para cumplir con la finalidad para la que se recabaron y para determinar las posibles responsabilidades que se pudieran derivar de dicha finalidad y del tratamiento de los datos. Ser\u00e1 de aplicaci\u00f3n lo dispuesto en la normativa de archivos y documentaci\u00f3n.<\/p>\n<p><strong>Datos de los suscriptores por e-mail o formulario<\/strong>: Desde que el usuario se suscribe hasta que se d\u00e9 de baja.<\/p>\n<p><strong>Datos de los usuarios subidos por CUMBRES DEL GOLF S.L. a sus Redes Sociales o p\u00e1ginas<\/strong>: Desde que el usuario da su consentimiento hasta que lo retira.<\/p>\n<ol start=\"5\">\n<li><strong>Sus Derechos en Protecci\u00f3n de Datos<\/strong><\/li>\n<\/ol>\n<p><strong>\u00bfC\u00f3mo ejercer dichos derechos?<\/strong> Los usuarios podr\u00e1n dirigir una comunicaci\u00f3n al domicilio social de CUMBRES DEL GOLF S.L. o direcci\u00f3n de correo electr\u00f3nico info@urbemar.es, incluyendo en ambos casos fotocopia de su D.N.I u otro documento de identificaci\u00f3n similar, para solicitar el ejercicio de los siguientes derechos:<\/p>\n<ul>\n<li><strong><u>Acceso<\/u><\/strong> a sus datos personales: podr\u00e1 preguntar a CUMBRES DEL GOLF S.L. si est\u00e1 usando sus datos personales.<\/li>\n<li>A solicitar su <strong><u>rectificaci\u00f3n<\/u><\/strong>, si no fuesen correctos, o a ejercer el <strong><u>derecho al olvido<\/u><\/strong> con respecto a los mismos.<\/li>\n<li>A solicitar la <strong><u>limitaci\u00f3n del tratamiento<\/u><\/strong>, en este caso, solo ser\u00e1n conservados por CUMBRES DEL GOLF S.L. para el ejercicio o defensa de reclamaciones<\/li>\n<li>A <strong><u>oponerse<\/u><\/strong> a su tratamiento: CUMBRES DEL GOLF S.L. dejar\u00e1 tratar los datos en la forma que nos indiques, salvo que por motivos leg\u00edtimos o para el ejercicio o defensa de posibles reclamaciones, estos deban seguir trat\u00e1ndose.<\/li>\n<li>A la <strong><u>portabilidad <\/u><\/strong>de los datos: en caso de que quieras que sus datos sean tratados por otra firma, CUMBRES DEL GOLF S.L., le facilitar\u00e1 la portabilidad de sus datos al nuevo responsable.<\/li>\n<\/ul>\n<p>Podr\u00e1s utilizar los modelos puestos a su disposici\u00f3n por la Agencia Espa\u00f1ola de Protecci\u00f3n de Datos, para ejercer sus anteriores derechos: <a href=\"https:\/\/www.aepd.es\/reglamento\/derechos\/index.html\">Aqu\u00ed\u00a0<\/a><\/p>\n<p>Reclamar ante la AEPD: si consideras que hay un problema con la forma en que CUMBRES DEL GOLF S.L. est\u00e1 tratando sus datos, <strong>podr\u00e1 dirigir sus reclamaciones al DPO (en el caso de que lo hubiera)<\/strong> o a la autoridad de control correspondiente, siendo en Espa\u00f1a, la competente para ello: <a href=\"https:\/\/sedeagpd.gob.es\/sede-electronica-web\/\">Agencia Espa\u00f1ola de Protecci\u00f3n de Datos.<\/a><\/p>\n<p>Es posible que tengamos que solicitarte informaci\u00f3n espec\u00edfica para ayudarnos a confirmar su identidad y garantizar su derecho a acceder a sus datos personales (o ejercer cualquier otro de los derechos mencionados anteriormente). Esto es una medida de seguridad para garantizar que los datos personales no se revelen a ninguna persona que no tenga derecho a recibirlos.<\/p>\n<p>Todas las solicitudes las solventamos en el plazo legal indicado 1 mes. No obstante, puede llevarnos m\u00e1s de un mes si su solicitud es particularmente compleja, o si ya ha realizado una serie de actuaciones previamente. En este caso, le notificaremos y le mantendremos actualizado.<\/p>\n<ol start=\"6\">\n<li><strong>Cesi\u00f3n de datos personales<\/strong><\/li>\n<\/ol>\n<p>Es posible que, en el desempe\u00f1o de nuestro trabajo, necesitemos de la ayuda de terceros, que solo trataran los datos para prestar el servicio contratado, y con los que disponemos de las correspondientes medidas para garantizar sus derechos:<\/p>\n<ul>\n<li>Proveedores de servicios que brindan servicios de administraci\u00f3n de sistemas y tecnolog\u00eda de la informaci\u00f3n.<\/li>\n<\/ul>\n<p>Asesores profesionales que incluyen abogados, auditores y aseguradores que brindan servicios de consultor\u00eda bancarios, legales, de seguros y de contabilidad<\/p>\n<p>Todos los encargados de tratamiento a quienes transferimos sus datos respetaran la seguridad de sus datos personales y los trataran de acuerdo al RGPD. Solo permitimos que dichos encargados traten sus datos para fines determinados y de conformidad con nuestras instrucciones. No obstante puede solicitarnos, en cumplimiento de la trasparencia un listado de quienes son estas empresas que nos prestan servicios, puede hacerlo al email: info@urbemar.es<\/p>\n<ol start=\"7\">\n<li><strong>Seguridad de Datos<\/strong><\/li>\n<\/ol>\n<p>Hemos implementado las medidas de seguridad adecuadas para evitar que sus datos personales se pierdan accidentalmente, se usen o accedan de forma no autorizada, se modifiquen o divulguen. Adem\u00e1s, limitamos el acceso a sus datos personales a aquellos empleados, agentes contratistas y otros terceros que tengan una necesidad comercial de conocer dichos datos. Solo procesar\u00e1n sus datos personales seg\u00fan nuestras instrucciones y estar\u00e1n sujetos a un deber de confidencialidad.<\/p>\n<p>Hemos implementado procedimientos para tratar cualquier sospecha de violaci\u00f3n de sus datos personales y se lo notificaremos a usted y a la Autoridad de Control en caso de que ocurriera, tal como queda regulado en el RGPD en sus art\u00edculos 33 y 34, una brecha de seguridad.<\/p>\n<ol start=\"8\">\n<li><strong>Transferencias internacionales <\/strong><\/li>\n<\/ol>\n<p>Los pa\u00edses fuera del Espacio Econ\u00f3mico Europeo (EEE) no siempre ofrecen los mismos niveles de protecci\u00f3n a sus datos personales, por lo que la legislaci\u00f3n europea ha prohibido las transferencias de datos personales fuera del EEE a menos que la transferencia cumpla ciertos requisitos.<\/p>\n<p>Algunos de nuestros proveedores de servicios externos se encuentran fuera del Espacio Econ\u00f3mico Europeo (EEE), por lo que le procesamiento de sus datos personales implicar\u00e1 una transferencia de datos fuera de EEE.<\/p>\n<ul>\n<li>Redes Sociales: CUMBRES DEL GOLF S.L. hace uso de las redes sociales <a href=\"https:\/\/www.linkedin.com\/legal\/privacy-policy?_l=es_ES\">LinkedIn<\/a> y <a href=\"https:\/\/twitter.com\/es\/privacy\">Twitter<\/a>, todas en EEUU.<\/li>\n<li>Correo electr\u00f3nico: El servicio de correo electr\u00f3nico de CUMBRES DEL GOLF S.L. se presta usando los servicios de__.<\/li>\n<li>Almacenamiento y cifrado. CUMBRES DEL GOLF S.L. utiliza el siguiente proveedor externo para el almacenamiento de sus datos personales: __ y cifra toda la informaci\u00f3n que recibe y genera con__.<\/li>\n<\/ul>\n<p>Si necesita ampliaci\u00f3n con respecto al mecanismo espec\u00edfico utilizado por nosotros al transferir sus datos fuera del EEE, puede ponerse en contacto con nosotros a trav\u00e9s de nuestro correo electr\u00f3nico info@urbemar.es<\/p>\n<p>Actualizaci\u00f3n: mayo 2018[\/vc_column_text][\/vc_column][\/vc_row]\n","protected":false},"excerpt":{"rendered":"<p>[vc_row type=&#8221;in_container&#8221; full_screen_row_position=&#8221;middle&#8221; scene_position=&#8221;center&#8221; text_color=&#8221;dark&#8221; text_align=&#8221;left&#8221; overlay_strength=&#8221;0.3&#8243; shape_divider_position=&#8221;bottom&#8221;][vc_column column_padding=&#8221;no-extra-padding&#8221; column_padding_position=&#8221;all&#8221; background_color_opacity=&#8221;1&#8243; background_hover_color_opacity=&#8221;1&#8243; column_link_target=&#8221;_self&#8221; column_shadow=&#8221;none&#8221; column_border_radius=&#8221;none&#8221; width=&#8221;1\/1&#8243; tablet_width_inherit=&#8221;default&#8221; tablet_text_alignment=&#8221;default&#8221; phone_text_alignment=&#8221;default&#8221; column_border_width=&#8221;none&#8221;&#8230;<\/p>\n","protected":false},"author":3,"featured_media":0,"parent":0,"menu_order":0,"comment_status":"closed","ping_status":"closed","template":"","meta":{"twitterCardType":"","cardImageID":0,"cardImage":"","cardTitle":"","cardDesc":"","cardImageAlt":"","cardPlayer":"","cardPlayerWidth":0,"cardPlayerHeight":0,"cardPlayerStream":"","cardPlayerCodec":"","footnotes":""},"_links":{"self":[{"href":"https:\/\/urbemar.es\/en\/wp-json\/wp\/v2\/pages\/812"}],"collection":[{"href":"https:\/\/urbemar.es\/en\/wp-json\/wp\/v2\/pages"}],"about":[{"href":"https:\/\/urbemar.es\/en\/wp-json\/wp\/v2\/types\/page"}],"author":[{"embeddable":true,"href":"https:\/\/urbemar.es\/en\/wp-json\/wp\/v2\/users\/3"}],"replies":[{"embeddable":true,"href":"https:\/\/urbemar.es\/en\/wp-json\/wp\/v2\/comments?post=812"}],"version-history":[{"count":4,"href":"https:\/\/urbemar.es\/en\/wp-json\/wp\/v2\/pages\/812\/revisions"}],"predecessor-version":[{"id":1049,"href":"https:\/\/urbemar.es\/en\/wp-json\/wp\/v2\/pages\/812\/revisions\/1049"}],"wp:attachment":[{"href":"https:\/\/urbemar.es\/en\/wp-json\/wp\/v2\/media?parent=812"}],"curies":[{"name":"wp","href":"https:\/\/api.w.org\/{rel}","templated":true}]}}